{"id":2306,"date":"2023-08-23T19:10:52","date_gmt":"2023-08-23T19:10:52","guid":{"rendered":"https:\/\/barucck.com\/promocionales\/?post_type=product&#038;p=2306"},"modified":"2025-11-12T01:06:30","modified_gmt":"2025-11-12T01:06:30","slug":"rotulacion-de-oficinas-fachadas-y-senalizacion","status":"publish","type":"product","link":"https:\/\/barucck.com\/promocionales\/product\/rotulacion-de-oficinas-fachadas-y-senalizacion\/","title":{"rendered":"Rotulaci\u00f3n"},"content":{"rendered":"<h1 style=\"text-align: center;\">UTILIZAMOS LAS MEJORES MARCAS DE LA INDUSTRIA<\/h1>\n<p style=\"text-align: center;\">En Bearrot contamos con instaladores capacitados para colocar material de las marcas m\u00e1s importantes de la industria.<\/p>\n<div class=\"logos-container\">\n<div><img decoding=\"async\" src=\"https:\/\/barucck.com\/promocionales\/wp-content\/uploads\/2023\/08\/TECK.webp\" alt=\"TECK\" \/><\/div>\n<div><img decoding=\"async\" src=\"https:\/\/barucck.com\/promocionales\/wp-content\/uploads\/2023\/08\/3M.webp\" alt=\"3M\" \/><\/div>\n<div><img decoding=\"async\" src=\"https:\/\/barucck.com\/promocionales\/wp-content\/uploads\/2023\/08\/EVERY.webp\" alt=\"EVERY\" \/><\/div>\n<div><img decoding=\"async\" src=\"https:\/\/barucck.com\/promocionales\/wp-content\/uploads\/2023\/08\/ORACAL.webp\" alt=\"ORACAL\" \/><\/div>\n<\/div>\n","protected":false},"excerpt":{"rendered":"<h1 style=\"color: #0044ff;\">Rotulaci\u00f3n de oficinas, fachadas y senalizaci\u00f3n<\/h1>\n<p>&nbsp;<\/p>\n<p>Nuestro servicio es 100% personalizado, trabajamos sobre tus dise\u00f1os o ideas y los realizamos en cualquier medida.<\/p>\n<p>Impresi\u00f3n y colocaci\u00f3n.<\/p>\n<p>Cobertura en CDMX y Edomex.<br \/>\n<!--\n\n\n<h3><strong style=\"color: #0044ff;\">DESDE $---<\/strong><\/h3>\n\n\n---><\/p>\n","protected":false},"featured_media":2697,"template":"","meta":[],"product_brand":[],"product_cat":[113],"product_tag":[],"class_list":{"0":"post-2306","1":"product","2":"type-product","3":"status-publish","4":"has-post-thumbnail","6":"product_cat-barucck","8":"first","9":"instock","10":"shipping-taxable","11":"product-type-external"},"yoast_head":"<!-- This site is optimized with the Yoast SEO plugin v27.3 - https:\/\/yoast.com\/product\/yoast-seo-wordpress\/ -->\n<title>Rotulaci\u00f3n de oficinas, fachadas y senalizaci\u00f3n - BARUCCK<\/title>\n<meta name=\"description\" content=\"Nuestro servicio es 100% personalizado, trabajamos sobre tus dise\u00f1os o ideas y los realizamos en cualquier medida.Impresi\u00f3n y colocaci\u00f3n.\" \/>\n<meta name=\"robots\" content=\"index, follow, max-snippet:-1, max-image-preview:large, max-video-preview:-1\" \/>\n<link rel=\"canonical\" href=\"https:\/\/barucck.com\/promocionales\/product\/rotulacion-de-oficinas-fachadas-y-senalizacion\/\" \/>\n<meta property=\"og:locale\" content=\"es_MX\" \/>\n<meta property=\"og:type\" content=\"article\" \/>\n<meta property=\"og:title\" content=\"Rotulaci\u00f3n de oficinas, fachadas y senalizaci\u00f3n - BARUCCK\" \/>\n<meta property=\"og:description\" content=\"Nuestro servicio es 100% personalizado, trabajamos sobre tus dise\u00f1os o ideas y los realizamos en cualquier medida.Impresi\u00f3n y colocaci\u00f3n.\" \/>\n<meta property=\"og:url\" content=\"https:\/\/barucck.com\/promocionales\/product\/rotulacion-de-oficinas-fachadas-y-senalizacion\/\" \/>\n<meta property=\"og:site_name\" content=\"BARUCCK\" \/>\n<meta property=\"article:publisher\" content=\"https:\/\/www.facebook.com\/barucck\/\" \/>\n<meta property=\"article:modified_time\" content=\"2025-11-12T01:06:30+00:00\" \/>\n<meta property=\"og:image\" content=\"https:\/\/barucck.com\/promocionales\/wp-content\/uploads\/2023\/08\/Office_Wall_Mural-1.webp\" \/>\n\t<meta property=\"og:image:width\" content=\"800\" \/>\n\t<meta property=\"og:image:height\" content=\"800\" \/>\n\t<meta property=\"og:image:type\" content=\"image\/webp\" \/>\n<meta name=\"twitter:card\" content=\"summary_large_image\" \/>\n<meta name=\"twitter:label1\" content=\"Tiempo de lectura\" \/>\n\t<meta name=\"twitter:data1\" content=\"2 minutos\" \/>\n<script type=\"application\/ld+json\" class=\"yoast-schema-graph\">{\"@context\":\"https:\\\/\\\/schema.org\",\"@graph\":[{\"@type\":\"WebPage\",\"@id\":\"https:\\\/\\\/barucck.com\\\/promocionales\\\/product\\\/rotulacion-de-oficinas-fachadas-y-senalizacion\\\/\",\"url\":\"https:\\\/\\\/barucck.com\\\/promocionales\\\/product\\\/rotulacion-de-oficinas-fachadas-y-senalizacion\\\/\",\"name\":\"Rotulaci\u00f3n de oficinas, fachadas y senalizaci\u00f3n - BARUCCK\",\"isPartOf\":{\"@id\":\"https:\\\/\\\/barucck.com\\\/promocionales\\\/#website\"},\"primaryImageOfPage\":{\"@id\":\"https:\\\/\\\/barucck.com\\\/promocionales\\\/product\\\/rotulacion-de-oficinas-fachadas-y-senalizacion\\\/#primaryimage\"},\"image\":{\"@id\":\"https:\\\/\\\/barucck.com\\\/promocionales\\\/product\\\/rotulacion-de-oficinas-fachadas-y-senalizacion\\\/#primaryimage\"},\"thumbnailUrl\":\"https:\\\/\\\/barucck.com\\\/promocionales\\\/wp-content\\\/uploads\\\/2023\\\/08\\\/Office_Wall_Mural-1.webp\",\"datePublished\":\"2023-08-23T19:10:52+00:00\",\"dateModified\":\"2025-11-12T01:06:30+00:00\",\"description\":\"Nuestro servicio es 100% personalizado, trabajamos sobre tus dise\u00f1os o ideas y los realizamos en cualquier medida.Impresi\u00f3n y colocaci\u00f3n.\",\"breadcrumb\":{\"@id\":\"https:\\\/\\\/barucck.com\\\/promocionales\\\/product\\\/rotulacion-de-oficinas-fachadas-y-senalizacion\\\/#breadcrumb\"},\"inLanguage\":\"es\",\"potentialAction\":[{\"@type\":\"ReadAction\",\"target\":[\"https:\\\/\\\/barucck.com\\\/promocionales\\\/product\\\/rotulacion-de-oficinas-fachadas-y-senalizacion\\\/\"]}]},{\"@type\":\"ImageObject\",\"inLanguage\":\"es\",\"@id\":\"https:\\\/\\\/barucck.com\\\/promocionales\\\/product\\\/rotulacion-de-oficinas-fachadas-y-senalizacion\\\/#primaryimage\",\"url\":\"https:\\\/\\\/barucck.com\\\/promocionales\\\/wp-content\\\/uploads\\\/2023\\\/08\\\/Office_Wall_Mural-1.webp\",\"contentUrl\":\"https:\\\/\\\/barucck.com\\\/promocionales\\\/wp-content\\\/uploads\\\/2023\\\/08\\\/Office_Wall_Mural-1.webp\",\"width\":800,\"height\":800,\"caption\":\"Rotulaci\u00f3n\"},{\"@type\":\"BreadcrumbList\",\"@id\":\"https:\\\/\\\/barucck.com\\\/promocionales\\\/product\\\/rotulacion-de-oficinas-fachadas-y-senalizacion\\\/#breadcrumb\",\"itemListElement\":[{\"@type\":\"ListItem\",\"position\":1,\"name\":\"Inicio\",\"item\":\"https:\\\/\\\/barucck.com\\\/promocionales\\\/\"},{\"@type\":\"ListItem\",\"position\":2,\"name\":\"Productos\",\"item\":\"https:\\\/\\\/barucck.com\\\/promocionales\\\/merch\\\/\"},{\"@type\":\"ListItem\",\"position\":3,\"name\":\"Rotulaci\u00f3n\"}]},{\"@type\":\"WebSite\",\"@id\":\"https:\\\/\\\/barucck.com\\\/promocionales\\\/#website\",\"url\":\"https:\\\/\\\/barucck.com\\\/promocionales\\\/\",\"name\":\"Barucck\",\"description\":\"Agencia de marketing Digital\",\"publisher\":{\"@id\":\"https:\\\/\\\/barucck.com\\\/promocionales\\\/#organization\"},\"potentialAction\":[{\"@type\":\"SearchAction\",\"target\":{\"@type\":\"EntryPoint\",\"urlTemplate\":\"https:\\\/\\\/barucck.com\\\/promocionales\\\/?s={search_term_string}\"},\"query-input\":{\"@type\":\"PropertyValueSpecification\",\"valueRequired\":true,\"valueName\":\"search_term_string\"}}],\"inLanguage\":\"es\"},{\"@type\":\"Organization\",\"@id\":\"https:\\\/\\\/barucck.com\\\/promocionales\\\/#organization\",\"name\":\"Agencia de Marketing Digital\",\"url\":\"https:\\\/\\\/barucck.com\\\/promocionales\\\/\",\"logo\":{\"@type\":\"ImageObject\",\"inLanguage\":\"es\",\"@id\":\"https:\\\/\\\/barucck.com\\\/promocionales\\\/#\\\/schema\\\/logo\\\/image\\\/\",\"url\":\"https:\\\/\\\/barucck.com\\\/promocionales\\\/wp-content\\\/uploads\\\/2023\\\/06\\\/icon-barucck-1-1.webp\",\"contentUrl\":\"https:\\\/\\\/barucck.com\\\/promocionales\\\/wp-content\\\/uploads\\\/2023\\\/06\\\/icon-barucck-1-1.webp\",\"width\":100,\"height\":100,\"caption\":\"Agencia de Marketing Digital\"},\"image\":{\"@id\":\"https:\\\/\\\/barucck.com\\\/promocionales\\\/#\\\/schema\\\/logo\\\/image\\\/\"},\"sameAs\":[\"https:\\\/\\\/www.facebook.com\\\/barucck\\\/\",\"https:\\\/\\\/www.instagram.com\\\/barucck\\\/\",\"https:\\\/\\\/www.linkedin.com\\\/company\\\/28166567\\\/admin\\\/\"]}]}<\/script>\n<!-- \/ Yoast SEO plugin. -->","yoast_head_json":{"title":"Rotulaci\u00f3n de oficinas, fachadas y senalizaci\u00f3n - BARUCCK","description":"Nuestro servicio es 100% personalizado, trabajamos sobre tus dise\u00f1os o ideas y los realizamos en cualquier medida.Impresi\u00f3n y colocaci\u00f3n.","robots":{"index":"index","follow":"follow","max-snippet":"max-snippet:-1","max-image-preview":"max-image-preview:large","max-video-preview":"max-video-preview:-1"},"canonical":"https:\/\/barucck.com\/promocionales\/product\/rotulacion-de-oficinas-fachadas-y-senalizacion\/","og_locale":"es_MX","og_type":"article","og_title":"Rotulaci\u00f3n de oficinas, fachadas y senalizaci\u00f3n - BARUCCK","og_description":"Nuestro servicio es 100% personalizado, trabajamos sobre tus dise\u00f1os o ideas y los realizamos en cualquier medida.Impresi\u00f3n y colocaci\u00f3n.","og_url":"https:\/\/barucck.com\/promocionales\/product\/rotulacion-de-oficinas-fachadas-y-senalizacion\/","og_site_name":"BARUCCK","article_publisher":"https:\/\/www.facebook.com\/barucck\/","article_modified_time":"2025-11-12T01:06:30+00:00","og_image":[{"width":800,"height":800,"url":"https:\/\/barucck.com\/promocionales\/wp-content\/uploads\/2023\/08\/Office_Wall_Mural-1.webp","type":"image\/webp"}],"twitter_card":"summary_large_image","twitter_misc":{"Tiempo de lectura":"2 minutos"},"schema":{"@context":"https:\/\/schema.org","@graph":[{"@type":"WebPage","@id":"https:\/\/barucck.com\/promocionales\/product\/rotulacion-de-oficinas-fachadas-y-senalizacion\/","url":"https:\/\/barucck.com\/promocionales\/product\/rotulacion-de-oficinas-fachadas-y-senalizacion\/","name":"Rotulaci\u00f3n de oficinas, fachadas y senalizaci\u00f3n - BARUCCK","isPartOf":{"@id":"https:\/\/barucck.com\/promocionales\/#website"},"primaryImageOfPage":{"@id":"https:\/\/barucck.com\/promocionales\/product\/rotulacion-de-oficinas-fachadas-y-senalizacion\/#primaryimage"},"image":{"@id":"https:\/\/barucck.com\/promocionales\/product\/rotulacion-de-oficinas-fachadas-y-senalizacion\/#primaryimage"},"thumbnailUrl":"https:\/\/barucck.com\/promocionales\/wp-content\/uploads\/2023\/08\/Office_Wall_Mural-1.webp","datePublished":"2023-08-23T19:10:52+00:00","dateModified":"2025-11-12T01:06:30+00:00","description":"Nuestro servicio es 100% personalizado, trabajamos sobre tus dise\u00f1os o ideas y los realizamos en cualquier medida.Impresi\u00f3n y colocaci\u00f3n.","breadcrumb":{"@id":"https:\/\/barucck.com\/promocionales\/product\/rotulacion-de-oficinas-fachadas-y-senalizacion\/#breadcrumb"},"inLanguage":"es","potentialAction":[{"@type":"ReadAction","target":["https:\/\/barucck.com\/promocionales\/product\/rotulacion-de-oficinas-fachadas-y-senalizacion\/"]}]},{"@type":"ImageObject","inLanguage":"es","@id":"https:\/\/barucck.com\/promocionales\/product\/rotulacion-de-oficinas-fachadas-y-senalizacion\/#primaryimage","url":"https:\/\/barucck.com\/promocionales\/wp-content\/uploads\/2023\/08\/Office_Wall_Mural-1.webp","contentUrl":"https:\/\/barucck.com\/promocionales\/wp-content\/uploads\/2023\/08\/Office_Wall_Mural-1.webp","width":800,"height":800,"caption":"Rotulaci\u00f3n"},{"@type":"BreadcrumbList","@id":"https:\/\/barucck.com\/promocionales\/product\/rotulacion-de-oficinas-fachadas-y-senalizacion\/#breadcrumb","itemListElement":[{"@type":"ListItem","position":1,"name":"Inicio","item":"https:\/\/barucck.com\/promocionales\/"},{"@type":"ListItem","position":2,"name":"Productos","item":"https:\/\/barucck.com\/promocionales\/merch\/"},{"@type":"ListItem","position":3,"name":"Rotulaci\u00f3n"}]},{"@type":"WebSite","@id":"https:\/\/barucck.com\/promocionales\/#website","url":"https:\/\/barucck.com\/promocionales\/","name":"Barucck","description":"Agencia de marketing Digital","publisher":{"@id":"https:\/\/barucck.com\/promocionales\/#organization"},"potentialAction":[{"@type":"SearchAction","target":{"@type":"EntryPoint","urlTemplate":"https:\/\/barucck.com\/promocionales\/?s={search_term_string}"},"query-input":{"@type":"PropertyValueSpecification","valueRequired":true,"valueName":"search_term_string"}}],"inLanguage":"es"},{"@type":"Organization","@id":"https:\/\/barucck.com\/promocionales\/#organization","name":"Agencia de Marketing Digital","url":"https:\/\/barucck.com\/promocionales\/","logo":{"@type":"ImageObject","inLanguage":"es","@id":"https:\/\/barucck.com\/promocionales\/#\/schema\/logo\/image\/","url":"https:\/\/barucck.com\/promocionales\/wp-content\/uploads\/2023\/06\/icon-barucck-1-1.webp","contentUrl":"https:\/\/barucck.com\/promocionales\/wp-content\/uploads\/2023\/06\/icon-barucck-1-1.webp","width":100,"height":100,"caption":"Agencia de Marketing Digital"},"image":{"@id":"https:\/\/barucck.com\/promocionales\/#\/schema\/logo\/image\/"},"sameAs":["https:\/\/www.facebook.com\/barucck\/","https:\/\/www.instagram.com\/barucck\/","https:\/\/www.linkedin.com\/company\/28166567\/admin\/"]}]}},"_links":{"self":[{"href":"https:\/\/barucck.com\/promocionales\/wp-json\/wp\/v2\/product\/2306","targetHints":{"allow":["GET"]}}],"collection":[{"href":"https:\/\/barucck.com\/promocionales\/wp-json\/wp\/v2\/product"}],"about":[{"href":"https:\/\/barucck.com\/promocionales\/wp-json\/wp\/v2\/types\/product"}],"wp:featuredmedia":[{"embeddable":true,"href":"https:\/\/barucck.com\/promocionales\/wp-json\/wp\/v2\/media\/2697"}],"wp:attachment":[{"href":"https:\/\/barucck.com\/promocionales\/wp-json\/wp\/v2\/media?parent=2306"}],"wp:term":[{"taxonomy":"product_brand","embeddable":true,"href":"https:\/\/barucck.com\/promocionales\/wp-json\/wp\/v2\/product_brand?post=2306"},{"taxonomy":"product_cat","embeddable":true,"href":"https:\/\/barucck.com\/promocionales\/wp-json\/wp\/v2\/product_cat?post=2306"},{"taxonomy":"product_tag","embeddable":true,"href":"https:\/\/barucck.com\/promocionales\/wp-json\/wp\/v2\/product_tag?post=2306"}],"curies":[{"name":"wp","href":"https:\/\/api.w.org\/{rel}","templated":true}]}}